{"id":820,"date":"2024-08-16T20:47:37","date_gmt":"2024-08-16T16:47:37","guid":{"rendered":"https:\/\/deliciouspecan.com\/?post_type=product&#038;p=820"},"modified":"2025-11-22T01:32:50","modified_gmt":"2025-11-21T21:32:50","slug":"oreo","status":"publish","type":"product","link":"https:\/\/deliciouspecan.com\/fr\/produit\/oreo\/","title":{"rendered":"Noix de p\u00e9can Or\u00e9o"},"content":{"rendered":"<p>Les amateurs de biscuits seront combl\u00e9s avec ces noix de p\u00e9can enrob\u00e9es de saveur Or\u00e9o. Le m\u00e9lange de chocolat et de croquant, inspir\u00e9 du c\u00e9l\u00e8bre biscuit, ajoute une touche de gourmandise irr\u00e9sistible \u00e0 chaque bouch\u00e9e.<\/p>","protected":false},"excerpt":{"rendered":"<p>Noix de p\u00e9can enrob\u00e9es de la saveur croquante et chocolat\u00e9e des Or\u00e9o.<\/p>","protected":false},"featured_media":863,"comment_status":"open","ping_status":"closed","template":"","meta":[],"product_brand":[],"product_cat":[29],"product_tag":[],"class_list":{"0":"post-820","1":"product","2":"type-product","3":"status-publish","4":"has-post-thumbnail","6":"product_cat-dragee-pecan-marble","8":"first","9":"outofstock","10":"taxable","11":"shipping-taxable","12":"purchasable","13":"product-type-variable","14":"has-default-attributes"},"_links":{"self":[{"href":"https:\/\/deliciouspecan.com\/fr\/wp-json\/wp\/v2\/product\/820","targetHints":{"allow":["GET"]}}],"collection":[{"href":"https:\/\/deliciouspecan.com\/fr\/wp-json\/wp\/v2\/product"}],"about":[{"href":"https:\/\/deliciouspecan.com\/fr\/wp-json\/wp\/v2\/types\/product"}],"replies":[{"embeddable":true,"href":"https:\/\/deliciouspecan.com\/fr\/wp-json\/wp\/v2\/comments?post=820"}],"wp:featuredmedia":[{"embeddable":true,"href":"https:\/\/deliciouspecan.com\/fr\/wp-json\/wp\/v2\/media\/863"}],"wp:attachment":[{"href":"https:\/\/deliciouspecan.com\/fr\/wp-json\/wp\/v2\/media?parent=820"}],"wp:term":[{"taxonomy":"product_brand","embeddable":true,"href":"https:\/\/deliciouspecan.com\/fr\/wp-json\/wp\/v2\/product_brand?post=820"},{"taxonomy":"product_cat","embeddable":true,"href":"https:\/\/deliciouspecan.com\/fr\/wp-json\/wp\/v2\/product_cat?post=820"},{"taxonomy":"product_tag","embeddable":true,"href":"https:\/\/deliciouspecan.com\/fr\/wp-json\/wp\/v2\/product_tag?post=820"}],"curies":[{"name":"wp","href":"https:\/\/api.w.org\/{rel}","templated":true}]}}