{"id":815,"date":"2024-08-16T20:46:44","date_gmt":"2024-08-16T16:46:44","guid":{"rendered":"https:\/\/deliciouspecan.com\/?post_type=product&#038;p=815"},"modified":"2025-11-22T01:32:50","modified_gmt":"2025-11-21T21:32:50","slug":"latte","status":"publish","type":"product","link":"https:\/\/deliciouspecan.com\/fr\/produit\/latte\/","title":{"rendered":"Noix de p\u00e9can Latt\u00e9"},"content":{"rendered":"<p>Pour une pause gourmande, d\u00e9couvrez ces noix de p\u00e9can enrob\u00e9es d\u2019une saveur latte onctueuse. La douceur cr\u00e9meuse du latte se marie parfaitement avec le croquant des noix de p\u00e9can, cr\u00e9ant une exp\u00e9rience sensorielle r\u00e9confortante.<\/p>","protected":false},"excerpt":{"rendered":"<p>Noix de p\u00e9can enrob\u00e9es d\u2019une saveur latte douce et r\u00e9confortante.<\/p>","protected":false},"featured_media":862,"comment_status":"open","ping_status":"closed","template":"","meta":[],"product_brand":[],"product_cat":[29],"product_tag":[],"class_list":{"0":"post-815","1":"product","2":"type-product","3":"status-publish","4":"has-post-thumbnail","6":"product_cat-dragee-pecan-marble","8":"first","9":"outofstock","10":"taxable","11":"shipping-taxable","12":"purchasable","13":"product-type-variable","14":"has-default-attributes"},"_links":{"self":[{"href":"https:\/\/deliciouspecan.com\/fr\/wp-json\/wp\/v2\/product\/815","targetHints":{"allow":["GET"]}}],"collection":[{"href":"https:\/\/deliciouspecan.com\/fr\/wp-json\/wp\/v2\/product"}],"about":[{"href":"https:\/\/deliciouspecan.com\/fr\/wp-json\/wp\/v2\/types\/product"}],"replies":[{"embeddable":true,"href":"https:\/\/deliciouspecan.com\/fr\/wp-json\/wp\/v2\/comments?post=815"}],"wp:featuredmedia":[{"embeddable":true,"href":"https:\/\/deliciouspecan.com\/fr\/wp-json\/wp\/v2\/media\/862"}],"wp:attachment":[{"href":"https:\/\/deliciouspecan.com\/fr\/wp-json\/wp\/v2\/media?parent=815"}],"wp:term":[{"taxonomy":"product_brand","embeddable":true,"href":"https:\/\/deliciouspecan.com\/fr\/wp-json\/wp\/v2\/product_brand?post=815"},{"taxonomy":"product_cat","embeddable":true,"href":"https:\/\/deliciouspecan.com\/fr\/wp-json\/wp\/v2\/product_cat?post=815"},{"taxonomy":"product_tag","embeddable":true,"href":"https:\/\/deliciouspecan.com\/fr\/wp-json\/wp\/v2\/product_tag?post=815"}],"curies":[{"name":"wp","href":"https:\/\/api.w.org\/{rel}","templated":true}]}}