{"id":810,"date":"2024-08-16T20:45:42","date_gmt":"2024-08-16T16:45:42","guid":{"rendered":"https:\/\/deliciouspecan.com\/?post_type=product&#038;p=810"},"modified":"2025-11-22T01:32:50","modified_gmt":"2025-11-21T21:32:50","slug":"caramel","status":"publish","type":"product","link":"https:\/\/deliciouspecan.com\/fr\/produit\/caramel\/","title":{"rendered":"Noix de p\u00e9can Caramel"},"content":{"rendered":"<p>D\u00e9couvrez l'alliance parfaite entre la douceur du caramel et le croquant des noix de p\u00e9can. Chaque bouch\u00e9e offre un \u00e9quilibre harmonieux entre le sucr\u00e9 et le sal\u00e9, pour un plaisir gourmand qui fond dans la bouche.<\/p>","protected":false},"excerpt":{"rendered":"<p>Noix de p\u00e9can croquantes enrob\u00e9es d\u2019un caramel fondant et irr\u00e9sistible.<\/p>","protected":false},"featured_media":830,"comment_status":"open","ping_status":"closed","template":"","meta":[],"product_brand":[],"product_cat":[29],"product_tag":[],"class_list":{"0":"post-810","1":"product","2":"type-product","3":"status-publish","4":"has-post-thumbnail","6":"product_cat-dragee-pecan-marble","8":"first","9":"outofstock","10":"taxable","11":"shipping-taxable","12":"purchasable","13":"product-type-variable","14":"has-default-attributes"},"_links":{"self":[{"href":"https:\/\/deliciouspecan.com\/fr\/wp-json\/wp\/v2\/product\/810","targetHints":{"allow":["GET"]}}],"collection":[{"href":"https:\/\/deliciouspecan.com\/fr\/wp-json\/wp\/v2\/product"}],"about":[{"href":"https:\/\/deliciouspecan.com\/fr\/wp-json\/wp\/v2\/types\/product"}],"replies":[{"embeddable":true,"href":"https:\/\/deliciouspecan.com\/fr\/wp-json\/wp\/v2\/comments?post=810"}],"wp:featuredmedia":[{"embeddable":true,"href":"https:\/\/deliciouspecan.com\/fr\/wp-json\/wp\/v2\/media\/830"}],"wp:attachment":[{"href":"https:\/\/deliciouspecan.com\/fr\/wp-json\/wp\/v2\/media?parent=810"}],"wp:term":[{"taxonomy":"product_brand","embeddable":true,"href":"https:\/\/deliciouspecan.com\/fr\/wp-json\/wp\/v2\/product_brand?post=810"},{"taxonomy":"product_cat","embeddable":true,"href":"https:\/\/deliciouspecan.com\/fr\/wp-json\/wp\/v2\/product_cat?post=810"},{"taxonomy":"product_tag","embeddable":true,"href":"https:\/\/deliciouspecan.com\/fr\/wp-json\/wp\/v2\/product_tag?post=810"}],"curies":[{"name":"wp","href":"https:\/\/api.w.org\/{rel}","templated":true}]}}