{"id":805,"date":"2024-08-16T20:44:59","date_gmt":"2024-08-16T16:44:59","guid":{"rendered":"https:\/\/deliciouspecan.com\/?post_type=product&#038;p=805"},"modified":"2025-11-22T01:32:50","modified_gmt":"2025-11-21T21:32:50","slug":"speculos","status":"publish","type":"product","link":"https:\/\/deliciouspecan.com\/fr\/produit\/speculos\/","title":{"rendered":"Noix de p\u00e9can Sp\u00e9culos Lotus"},"content":{"rendered":"<p>Plongez dans un univers de saveurs avec ces noix de p\u00e9can enrob\u00e9es de Sp\u00e9culos Lotus. L'\u00e9pice subtile et la douceur caram\u00e9lis\u00e9e des sp\u00e9culos s\u2019harmonisent \u00e0 merveille avec le croquant des noix de p\u00e9can pour un d\u00e9lice unique et m\u00e9morable.<\/p>","protected":false},"excerpt":{"rendered":"<p>Noix de p\u00e9can enrob\u00e9es de la saveur \u00e9pic\u00e9e et caram\u00e9lis\u00e9e des Sp\u00e9culos Lotus.<\/p>","protected":false},"featured_media":854,"comment_status":"open","ping_status":"closed","template":"","meta":[],"product_brand":[],"product_cat":[29],"product_tag":[],"class_list":{"0":"post-805","1":"product","2":"type-product","3":"status-publish","4":"has-post-thumbnail","6":"product_cat-dragee-pecan-marble","8":"first","9":"outofstock","10":"taxable","11":"shipping-taxable","12":"purchasable","13":"product-type-variable","14":"has-default-attributes"},"_links":{"self":[{"href":"https:\/\/deliciouspecan.com\/fr\/wp-json\/wp\/v2\/product\/805","targetHints":{"allow":["GET"]}}],"collection":[{"href":"https:\/\/deliciouspecan.com\/fr\/wp-json\/wp\/v2\/product"}],"about":[{"href":"https:\/\/deliciouspecan.com\/fr\/wp-json\/wp\/v2\/types\/product"}],"replies":[{"embeddable":true,"href":"https:\/\/deliciouspecan.com\/fr\/wp-json\/wp\/v2\/comments?post=805"}],"wp:featuredmedia":[{"embeddable":true,"href":"https:\/\/deliciouspecan.com\/fr\/wp-json\/wp\/v2\/media\/854"}],"wp:attachment":[{"href":"https:\/\/deliciouspecan.com\/fr\/wp-json\/wp\/v2\/media?parent=805"}],"wp:term":[{"taxonomy":"product_brand","embeddable":true,"href":"https:\/\/deliciouspecan.com\/fr\/wp-json\/wp\/v2\/product_brand?post=805"},{"taxonomy":"product_cat","embeddable":true,"href":"https:\/\/deliciouspecan.com\/fr\/wp-json\/wp\/v2\/product_cat?post=805"},{"taxonomy":"product_tag","embeddable":true,"href":"https:\/\/deliciouspecan.com\/fr\/wp-json\/wp\/v2\/product_tag?post=805"}],"curies":[{"name":"wp","href":"https:\/\/api.w.org\/{rel}","templated":true}]}}