{"id":795,"date":"2024-08-16T20:36:30","date_gmt":"2024-08-16T16:36:30","guid":{"rendered":"https:\/\/deliciouspecan.com\/?post_type=product&#038;p=795"},"modified":"2025-11-22T01:32:50","modified_gmt":"2025-11-21T21:32:50","slug":"milk-chocolate","status":"publish","type":"product","link":"https:\/\/deliciouspecan.com\/fr\/produit\/milk-chocolate\/","title":{"rendered":"Noix de p\u00e9can Chocolat au lait"},"content":{"rendered":"<p>Laissez-vous s\u00e9duire par ces noix de p\u00e9can d\u00e9licatement enrob\u00e9es de chocolat au lait onctueux. Le mariage du croquant des noix et de la douceur velout\u00e9e du chocolat au lait ravira vos papilles \u00e0 chaque d\u00e9gustation.<\/p>","protected":false},"excerpt":{"rendered":"<p>Noix de p\u00e9can enrob\u00e9es de chocolat au lait riche et cr\u00e9meux.<\/p>","protected":false},"featured_media":855,"comment_status":"open","ping_status":"closed","template":"","meta":[],"product_brand":[],"product_cat":[29],"product_tag":[],"class_list":{"0":"post-795","1":"product","2":"type-product","3":"status-publish","4":"has-post-thumbnail","6":"product_cat-dragee-pecan-marble","8":"first","9":"outofstock","10":"taxable","11":"shipping-taxable","12":"purchasable","13":"product-type-variable","14":"has-default-attributes"},"_links":{"self":[{"href":"https:\/\/deliciouspecan.com\/fr\/wp-json\/wp\/v2\/product\/795","targetHints":{"allow":["GET"]}}],"collection":[{"href":"https:\/\/deliciouspecan.com\/fr\/wp-json\/wp\/v2\/product"}],"about":[{"href":"https:\/\/deliciouspecan.com\/fr\/wp-json\/wp\/v2\/types\/product"}],"replies":[{"embeddable":true,"href":"https:\/\/deliciouspecan.com\/fr\/wp-json\/wp\/v2\/comments?post=795"}],"wp:featuredmedia":[{"embeddable":true,"href":"https:\/\/deliciouspecan.com\/fr\/wp-json\/wp\/v2\/media\/855"}],"wp:attachment":[{"href":"https:\/\/deliciouspecan.com\/fr\/wp-json\/wp\/v2\/media?parent=795"}],"wp:term":[{"taxonomy":"product_brand","embeddable":true,"href":"https:\/\/deliciouspecan.com\/fr\/wp-json\/wp\/v2\/product_brand?post=795"},{"taxonomy":"product_cat","embeddable":true,"href":"https:\/\/deliciouspecan.com\/fr\/wp-json\/wp\/v2\/product_cat?post=795"},{"taxonomy":"product_tag","embeddable":true,"href":"https:\/\/deliciouspecan.com\/fr\/wp-json\/wp\/v2\/product_tag?post=795"}],"curies":[{"name":"wp","href":"https:\/\/api.w.org\/{rel}","templated":true}]}}