{"id":790,"date":"2024-08-16T20:35:08","date_gmt":"2024-08-16T16:35:08","guid":{"rendered":"https:\/\/deliciouspecan.com\/?post_type=product&#038;p=790"},"modified":"2025-11-22T01:32:50","modified_gmt":"2025-11-21T21:32:50","slug":"dark-chocolate","status":"publish","type":"product","link":"https:\/\/deliciouspecan.com\/fr\/produit\/dark-chocolate\/","title":{"rendered":"Noix de p\u00e9can Chocolat Noir"},"content":{"rendered":"<p>Pour les amateurs de saveurs intenses, ces noix de p\u00e9can enrob\u00e9es de chocolat noir offrent une exp\u00e9rience gustative riche et profonde. Le chocolat noir sublime la noix de p\u00e9can avec une touche d'amertume parfaitement \u00e9quilibr\u00e9e.<\/p>","protected":false},"excerpt":{"rendered":"<p>Noix de p\u00e9can enrob\u00e9es de chocolat noir intense et raffin\u00e9.<\/p>","protected":false},"featured_media":839,"comment_status":"open","ping_status":"closed","template":"","meta":[],"product_brand":[],"product_cat":[29],"product_tag":[],"class_list":{"0":"post-790","1":"product","2":"type-product","3":"status-publish","4":"has-post-thumbnail","6":"product_cat-dragee-pecan-marble","8":"first","9":"outofstock","10":"taxable","11":"shipping-taxable","12":"purchasable","13":"product-type-variable","14":"has-default-attributes"},"_links":{"self":[{"href":"https:\/\/deliciouspecan.com\/fr\/wp-json\/wp\/v2\/product\/790","targetHints":{"allow":["GET"]}}],"collection":[{"href":"https:\/\/deliciouspecan.com\/fr\/wp-json\/wp\/v2\/product"}],"about":[{"href":"https:\/\/deliciouspecan.com\/fr\/wp-json\/wp\/v2\/types\/product"}],"replies":[{"embeddable":true,"href":"https:\/\/deliciouspecan.com\/fr\/wp-json\/wp\/v2\/comments?post=790"}],"wp:featuredmedia":[{"embeddable":true,"href":"https:\/\/deliciouspecan.com\/fr\/wp-json\/wp\/v2\/media\/839"}],"wp:attachment":[{"href":"https:\/\/deliciouspecan.com\/fr\/wp-json\/wp\/v2\/media?parent=790"}],"wp:term":[{"taxonomy":"product_brand","embeddable":true,"href":"https:\/\/deliciouspecan.com\/fr\/wp-json\/wp\/v2\/product_brand?post=790"},{"taxonomy":"product_cat","embeddable":true,"href":"https:\/\/deliciouspecan.com\/fr\/wp-json\/wp\/v2\/product_cat?post=790"},{"taxonomy":"product_tag","embeddable":true,"href":"https:\/\/deliciouspecan.com\/fr\/wp-json\/wp\/v2\/product_tag?post=790"}],"curies":[{"name":"wp","href":"https:\/\/api.w.org\/{rel}","templated":true}]}}