{"id":768,"date":"2024-08-15T16:32:51","date_gmt":"2024-08-15T12:32:51","guid":{"rendered":"https:\/\/deliciouspecan.com\/?post_type=product&#038;p=768"},"modified":"2025-11-22T01:32:50","modified_gmt":"2025-11-21T21:32:50","slug":"cocoa","status":"publish","type":"product","link":"https:\/\/deliciouspecan.com\/fr\/produit\/cocoa\/","title":{"rendered":"Noix de p\u00e9can Cacao"},"content":{"rendered":"<p>Ces noix de p\u00e9can, subtilement enrob\u00e9es de cacao pur, offrent une exp\u00e9rience gustative raffin\u00e9e. Le cacao apporte une amertume d\u00e9licate qui \u00e9quilibre parfaitement le go\u00fbt naturel des noix de p\u00e9can.<\/p>","protected":false},"excerpt":{"rendered":"<p>Noix de p\u00e9can saupoudr\u00e9es de cacao pur pour une touche am\u00e8re et intense.<\/p>","protected":false},"featured_media":846,"comment_status":"open","ping_status":"closed","template":"","meta":[],"product_brand":[],"product_cat":[29],"product_tag":[],"class_list":{"0":"post-768","1":"product","2":"type-product","3":"status-publish","4":"has-post-thumbnail","6":"product_cat-dragee-pecan-marble","8":"first","9":"outofstock","10":"taxable","11":"shipping-taxable","12":"purchasable","13":"product-type-variable","14":"has-default-attributes"},"_links":{"self":[{"href":"https:\/\/deliciouspecan.com\/fr\/wp-json\/wp\/v2\/product\/768","targetHints":{"allow":["GET"]}}],"collection":[{"href":"https:\/\/deliciouspecan.com\/fr\/wp-json\/wp\/v2\/product"}],"about":[{"href":"https:\/\/deliciouspecan.com\/fr\/wp-json\/wp\/v2\/types\/product"}],"replies":[{"embeddable":true,"href":"https:\/\/deliciouspecan.com\/fr\/wp-json\/wp\/v2\/comments?post=768"}],"wp:featuredmedia":[{"embeddable":true,"href":"https:\/\/deliciouspecan.com\/fr\/wp-json\/wp\/v2\/media\/846"}],"wp:attachment":[{"href":"https:\/\/deliciouspecan.com\/fr\/wp-json\/wp\/v2\/media?parent=768"}],"wp:term":[{"taxonomy":"product_brand","embeddable":true,"href":"https:\/\/deliciouspecan.com\/fr\/wp-json\/wp\/v2\/product_brand?post=768"},{"taxonomy":"product_cat","embeddable":true,"href":"https:\/\/deliciouspecan.com\/fr\/wp-json\/wp\/v2\/product_cat?post=768"},{"taxonomy":"product_tag","embeddable":true,"href":"https:\/\/deliciouspecan.com\/fr\/wp-json\/wp\/v2\/product_tag?post=768"}],"curies":[{"name":"wp","href":"https:\/\/api.w.org\/{rel}","templated":true}]}}